{"id":389,"date":"2024-11-21T10:06:04","date_gmt":"2024-11-21T09:06:04","guid":{"rendered":"https:\/\/pen.uni-pannon.hu\/en\/?page_id=389"},"modified":"2026-03-30T13:48:12","modified_gmt":"2026-03-30T11:48:12","slug":"application","status":"publish","type":"page","link":"https:\/\/pen.uni-pannon.hu\/en\/application\/","title":{"rendered":"Application to a Hungarian university"},"content":{"rendered":"\n<p><strong>Are you from across the border?<\/strong><\/p>\n\n\n\n<p>Are you from Austria, Croatia, Serbia or Slovenia? Then, you can apply for a university course the same way as Hungarian students can. <\/p>\n\n\n\n<p>You can apply for a state-funded academic programme if:<\/p>\n\n\n\n<ul class=\"wp-block-list\">\n<li>you are of Hungarian nationality and you make a declaration about it in the electronic admission system,<\/li>\n\n\n\n<li>you are of another nationality but you have a residence in Hungary that exists at the time of application.<\/li>\n<\/ul>\n\n\n\n<p>In any other cases, you can only apply for self-funded programmes.<\/p>\n\n\n\n<p>Please, read the information carefully about the application process. If you have any questions, do not hesitate to write to <a href=\"mailto:international@pen.uni-pannon.hu\">international@pen.uni-pannon.hu<\/a><\/p>\n\n\n\n<figure class=\"wp-block-image aligncenter size-full is-resized\"><a href=\"https:\/\/pen.uni-pannon.hu\/en\/wp-content\/uploads\/sites\/2\/2024\/11\/Application-timeline-2-1.jpg\"><img loading=\"lazy\" decoding=\"async\" width=\"1024\" height=\"768\" src=\"https:\/\/pen.uni-pannon.hu\/en\/wp-content\/uploads\/sites\/2\/2024\/11\/Application-timeline-2-1.jpg\" alt=\"\" class=\"wp-image-502\" style=\"width:1213px;height:auto\" srcset=\"https:\/\/pen.uni-pannon.hu\/en\/wp-content\/uploads\/sites\/2\/2024\/11\/Application-timeline-2-1.jpg 1024w, https:\/\/pen.uni-pannon.hu\/en\/wp-content\/uploads\/sites\/2\/2024\/11\/Application-timeline-2-1-300x225.jpg 300w, https:\/\/pen.uni-pannon.hu\/en\/wp-content\/uploads\/sites\/2\/2024\/11\/Application-timeline-2-1-768x576.jpg 768w\" sizes=\"auto, (max-width: 1024px) 100vw, 1024px\" \/><\/a><\/figure>\n\n\n\n<div style=\"height:63px\" aria-hidden=\"true\" class=\"wp-block-spacer\"><\/div>\n\n\n\n<div class=\"su-spoiler su-spoiler-style-fancy su-spoiler-icon-plus su-spoiler-closed\" data-scroll-offset=\"0\" data-anchor-in-url=\"no\"><div class=\"su-spoiler-title\" tabindex=\"0\" role=\"button\"><span class=\"su-spoiler-icon\"><\/span>1st step: Register in \u2019\u00dcgyf\u00e9lkapu\u2019 that is the Citizen Portal<\/div><div class=\"su-spoiler-content su-u-clearfix su-u-trim\"><b>\n<p style=\"padding-left: 20px;\">&#8211; Personally<\/p><\/b><br>In Hungary, you can register in \u2019\u00dcgyf\u00e9lkapu\u2019 in one of the government offices.<br><br>Abroad, you can register at an embassy or a consulate.<br><br>Necessary documents:<br><br><figure class=\"wp-block-table aligncenter\"><table class=\"has-fixed-layout\" style = \"width:70%; margin-left: auto; margin-right: auto;\"><tbody><tr><td>For hungarian citizens:<\/td><td>Identity Card, Driving licence, passport<\/td><\/tr><tr><td>EGT citizens:<\/td><td>EGT Identity Card or passport<\/td><\/tr><tr><td>Foreigners outside EGT:<\/td><td>passport<\/td><\/tr><\/tbody><\/table><\/figure><br>\n\n<p style=\"padding-left: 20px;\"><b>&#8211; Electronically<\/b><\/p><br>You can register electronically. However, you can only do this if you have a Hungarian Identity card.<br><br>There are two ways to do it:<br><br>With E-identity card: who has a Hungarian electric identity card issued after 1 January 2016:<br> <a href=\"https:\/\/ugyfelkapu.gov.hu\/regisztracio\/regEszemelyi\" target=\"_blank\" rel=\"noopener\">https:\/\/ugyfelkapu.gov.hu\/regisztracio<\/a><br><br>With a photo identification: this can be used by citizens subject to the personal data and address registers who have a valid Hungarian document suitable for proving their identity.<\/div><\/div>\n\n\n\n<div class=\"su-spoiler su-spoiler-style-fancy su-spoiler-icon-plus su-spoiler-closed\" data-scroll-offset=\"0\" data-anchor-in-url=\"no\"><div class=\"su-spoiler-title\" tabindex=\"0\" role=\"button\"><span class=\"su-spoiler-icon\"><\/span>2nd step: Check how points are calculated<\/div><div class=\"su-spoiler-content su-u-clearfix su-u-trim\"><br>\n<p>In case of applicants who have a foreign secondary school certificate, <b>study points<\/b> can only be counted if they have results in the last two years of studying a given subject:<\/p>\n\n<p style=\"margin-left: 20px;\">&#8211; Hungarian Grammar and Literature (can be substituted with Grammar and Literature of the language of the given country or the language of instruction),<\/p>\n\n<p style=\"margin-left: 20px;\">&#8211; Mathematics,<\/p>\n\n<p style=\"margin-left: 20px;\">&#8211; History,<\/p>\n\n<p style=\"margin-left: 20px;\">&#8211; a chosen foreign language,<\/p>\n\n<p style=\"margin-left: 20px;\">&#8211; at least one subject defined by the higher education institution.<\/p><br>\n<p><b>Final exam points<\/b> can only be counted if<\/p>\n\n<p style=\"margin-left: 20px;\">&#8211; the certificate may be identified as a document verifying secondary studies,<\/p>\n\n<p style=\"margin-left: 20px;\">&#8211; and if the applicant has at least two acceptable secondary school leaving examination subjects that match the name and level of the secondary school leaving examination subjects defined by the higher education institution.<\/p>\n\n<br>You can check here how points are calculated.<br><br>\n\n<figure style = \"display:flex; justify-content: center;\"><img decoding=\"async\" src=\"http:\/\/pen.uni-pannon.hu\/en\/wp-content\/uploads\/sites\/2\/2024\/11\/1-1.jpg\"\/><\/figure>\n<p>Always the most favourable calculation method is applied automatically by the System if all data and documents are uploaded.<\/p>\n<p><b>Study points (max. 200 points):<\/b> The sum of the end-of-year grades of the two last years of study in five high school subjects multiplied by two = max. 100 points + the average of the percentage of the results of the five final exam subjects (four compulsory and one elective) included in the secondary school leaving certificate = max. 100 points<\/p>\n<p>The five subjects (in case of the secondary subjects abd the final exam subjects, as well): Hungarian language and grammar, History, Mathematics, Foreign language, one of the subjects defined by the higher education institution per field of study.<\/p>\n<p><b>Final exam points (max. 200 points):<\/b> The point is calculated from the percentage of the results of the two final exam subjects defined by the higher education institution as admission requirements. In the case of an advanced final exam, the final exam point is equal to the result of the exam converted in accordance with the Hungarian evaluation system, and in the case of intermediate level, it is two-thirds. Check if the higher education institution requires intermediate or advanced final exam for the course of your choice.<\/p>\n\n<p><b>Institutional points (max. 100 points):<\/b> The type, extent and conditions of the institutional points are determined individually by the higher education institutions. On the pages of the courses advertised at felvi.hu, you can see why and how many institutional points can be awarded at the given course, as well as what data or documents can be used to verify them. For example: you can get extra points for advanced final exams, competitions, language knowledge, equal opportunities, work experience, sports results, participation at Open Days. You can get more information about these extra points from the institutions.<\/p>\n\n<p>You can see an example of how exam points are converted to admission points.<\/p><br>\n<figure class=\"wp-block-table aligncenter\">\n<table class=\"has-fixed-layout\" style=\" margin-left: auto; margin-right: auto; width: 90%; border: 3px solid black;\">\n<tbody>\n<tr style =\" text-align: center;\">\n<td style=\"border: 3px solid black;\"><\/td>\n<td style=\"border: 3px solid black;\">Exam<\/td>\n<td style=\"border: 3px solid black;\">Converted<br>percentage<\/td>\n<td style=\"border: 3px solid black;\">Admission point<\/td>\n<td style=\"border: 3px solid black;\">Exam point<\/td>\n<\/tr>\n<tr style=\"border-left: 3px solid black; border-right: 3px solid black;\">\n<td rowspan=\"2\" style=\"border-right: 3px solid black;  text-align: center;\">Two intermediate<br>level exams<\/td>\n<td>Exam subject 1<br>(intermediate)<\/td>\n<td style =\" text-align: center;\">85%<\/td>\n<td style =\" text-align: center;\">57 points<\/td>\n<td rowspan=\"2\" style =\" text-align: center; border-left: 3px solid black;\">117 points<\/td>\n<\/tr>\n<tr>\n<td>Exam subject 2<br>(intermediate)<\/td>\n<td style =\" text-align: center;\">90%<\/td>\n<td style =\" text-align: center;\">60 points<\/td>\n<\/tr>\n<tr style=\"border-left: 3px solid black;\">\n<td rowspan=\"2\" style =\" text-align: center; border-top: 3px solid black; border-bottom: 3px solid black; border-right: 3px solid black;\">One advanced<br>level exam<\/td>\n<td style=\"border-top: 3px solid black;\">Exam subject 1<br>(advanced level)<\/td>\n<td style=\"border-top: 3px solid black; text-align: center;\">85%<\/td>\n<td style=\"border-top: 3px solid black; text-align: center;\">85 points<\/td>\n<td rowspan=\"2\" style=\"border-top: 3px solid black; border-bottom: 3px solid black;  text-align: center; border-left: 3px solid black;\">145 points<\/td>\n<\/tr>\n<tr>\n<td style=\"border-bottom: 3px solid black;\">Exam subject 2<br>(intermediate)<\/td>\n<td style=\"border-bottom: 3px solid black; text-align: center;\">90%<\/td>\n<td style=\"border-bottom: 3px solid black; text-align: center;\">90 points<\/td>\n<\/tr>\n<tr style=\"border-left: 3px solid black; border-right: 3px solid black;\">\n<td rowspan=\"2\" style=\"text-align: center; border-right: 3px solid black;\">Two advanced<br>level exams<\/td>\n<td>Exam subject 1<br>(advanced level)<\/td>\n<td style =\" text-align: center;\">85%<\/td>\n<td style =\" text-align: center;\">85 points<\/td>\n<td rowspan=\"2\" style=\"text-align: center; border-left: 3px solid black;\">175 points<\/td>\n<\/tr>\n<tr>\n<td>Exam subject 2<br>(advanced level)<\/td>\n<td style =\" text-align: center;\">90%<\/td>\n<td style =\" text-align: center;\">90 points<\/td>\n<\/tr>\n<\/tbody>\n<\/table>\n<\/figure><br>\n<\/div><\/div>\n\n\n\n<div class=\"su-spoiler su-spoiler-style-fancy su-spoiler-icon-plus su-spoiler-closed\" data-scroll-offset=\"0\" data-anchor-in-url=\"no\"><div class=\"su-spoiler-title\" tabindex=\"0\" role=\"button\"><span class=\"su-spoiler-icon\"><\/span>3rd step: Enter and upload the necessary data and documents in the Hungarian Higher Education Application System (felvi.hu)<\/div><div class=\"su-spoiler-content su-u-clearfix su-u-trim\"><br>You can enter felvi.hu through \u2019\u00dcgyf\u00e9lkapu\u2019, you do not need to register in felvi.hu separately.<br>\n<a href=\"https:\/\/www.felvi.hu\/felveteli\/efelveteli\" target=\"_blank\" rel=\"noopener\">https:\/\/www.felvi.hu\/felveteli\/efelveteli<\/a>\n<br>\n<br>\nIf necessary, use the website translator of Google to be able to enter your data and do your application.<br><br>\n\n<p>Beside entering and uploading the necessary data and documents, you can choose 3 different courses for free of charge. Note that choosing the state-funded and the self-financed form of the same course is considered one choice. Therefore, altogether 6 lines may be filled out.<\/p><br>\n<b>You need to submit the following documents:<\/b><br>\n\n<b><p style=\"margin-left: 20px;\">\u00b7 When applying for a BSc course:<\/b><\/p>\n\n<p style=\"margin-left: 20px;\">&#8211; the secondary school leaving certificate \u2013 all pages and all supplements;<\/p>\n\n<p style=\"margin-left: 20px;\">&#8211; the transcript of records of the secondary years \u2013 all the pages that prove the end-of-year grades;<\/p>\n\n<p style=\"margin-left: 20px;\">&#8211; certified Hungarian translation of documents whose original versions are not in Hungarian, English, German or French;<\/p>\n\n<p style=\"margin-left: 20px;\">&#8211; documents determined for the calculation of the institutional points;<\/p>\n\n<p style=\"margin-left: 20px;\">&#8211; a foreign university degree \u2013 You can check in the institutional announcement if it is possible to calculate points from a university degree, and if yes, under what conditions;<\/p>\n\n<p style=\"margin-left: 20px;\">&#8211; any other special documents necessary for the chosen courses \u2013 you can check them in the insitutional announcements.<\/p><br>\n\n\n<p style=\"margin-left: 20px;\"><b>\u00b7 When applying for an MSc course:<\/b>\n\n<p style=\"margin-left: 20px;\">&#8211; copy of the degree certificate certifying the degree is from a higher education institution<\/p>\n\n<p style=\"margin-left: 20px;\">&#8211; copy of the original official certificate of the fact you are going to receive your degree in the year of application (with heading, signature, stamp, date)<\/p>\n\n<p style=\"margin-left: 20px;\">&#8211; transcript of record that certifies the length of the studies at a higher education institution<\/p>\n\n<p style=\"margin-left: 20px;\">&#8211; certified Hungarian translation of documents whose original versions are not in Hungarian, English, German or French;<\/p>\n\n<p style=\"margin-left: 20px;\">&#8211; any other special documents necessary for the chosen courses \u2013 you can check them in the insitutional announcements.<\/p><br>\n\n<p style=\"margin-left: 20px;\"><b>\u00b7 What is considered as an official translation?<\/b>\n\n<p style=\"margin-left: 20px;\">&#8211; certified translation or translation endorsed by the National Office for Translation and Certification (Orsz\u00e1gos Ford\u00edt\u00f3 \u00e9s Ford\u00edt\u00e1shiteles\u00edt\u0151 Iroda)<\/p>\n\n<p style=\"margin-left: 20px;\">&#8211; translation endorsed by a Hungarian foreign representative body or a Hungarian notary<\/p>\n\n<p style=\"margin-left: 20px;\">&#8211; translation certified under the domestic law of a Member State of the European Union<\/p>\n\n<p style=\"margin-left: 20px;\">\/- for Serbian documents, a translation certified by a Serbian notary or a court translator\/<\/p>\n\n<\/div><\/div>\n\n\n\n<div class=\"su-spoiler su-spoiler-style-fancy su-spoiler-icon-plus su-spoiler-closed\" data-scroll-offset=\"0\" data-anchor-in-url=\"no\"><div class=\"su-spoiler-title\" tabindex=\"0\" role=\"button\"><span class=\"su-spoiler-icon\"><\/span>4th step: Submit your application in felvi.hu by 15 February 2025<\/div><div class=\"su-spoiler-content su-u-clearfix su-u-trim\">Check that all your data are entered correctly and check whether all the required documents have been uploaded. Only submit your application if you know that everything is correct.<\/div><\/div>\n\n\n\n<div class=\"su-spoiler su-spoiler-style-fancy su-spoiler-icon-plus su-spoiler-closed\" data-scroll-offset=\"0\" data-anchor-in-url=\"no\"><div class=\"su-spoiler-title\" tabindex=\"0\" role=\"button\"><span class=\"su-spoiler-icon\"><\/span>5th step: Authenticate your application in \u2019\u00dcgyf\u00e9lkapu\u2019 by 15 February 2025.<\/div><div class=\"su-spoiler-content su-u-clearfix su-u-trim\">Do not forget to validate your application in \u2018\u00dcgyf\u00e9lkapu\u2019 by 15 February 2025. Just submitting your application in the felvi.hu system is not enough.<\/div><\/div>\n\n\n\n<div class=\"su-spoiler su-spoiler-style-fancy su-spoiler-icon-plus su-spoiler-closed\" data-scroll-offset=\"0\" data-anchor-in-url=\"no\"><div class=\"su-spoiler-title\" tabindex=\"0\" role=\"button\"><span class=\"su-spoiler-icon\"><\/span>6th step: You can modify the order of your chosen courses and you can upload required documents until 10 July 2025<\/div><div class=\"su-spoiler-content su-u-clearfix su-u-trim\">Between March and July you can modify the order of your chosen courses once. You can also modify the place* of the course if the higher institution, the course, the level of the course and the mode (full-time or correspondence) is the same. *One higher institution may offer the same course in different towns in Hungary.<\/p>\n\n\n\n<p>You can add another financial form of a course. If you have, e.g., only chosen a state-funded place of a course, you can add the self-financed place, as well but only if the higher education institution offers it.<\/p>\n\n\n\n<p>You can also delete a course that you chose previously.<\/p>\n\n\n\n<p>Note that changing order can only be done once. If you change something, you cannot change it back.<\/div><\/div>\n\n\n\n<div class=\"su-spoiler su-spoiler-style-fancy su-spoiler-icon-plus su-spoiler-closed\" data-scroll-offset=\"0\" data-anchor-in-url=\"no\"><div class=\"su-spoiler-title\" tabindex=\"0\" role=\"button\"><span class=\"su-spoiler-icon\"><\/span>7th step: Expected date of the announcement of the admission points is 31 July 2025.<\/div><div class=\"su-spoiler-content su-u-clearfix su-u-trim\">The expected date of announcement of the admission points is the evening of 31 July 2025. If you provided your mobile phone number when you submitted your application and indicated that you would like to receive a message about your admission result, then you are going to receive an SMS\/text message from the application system with your result.<\/div><\/div>\n\n\n\n<div style=\"height:16px\" aria-hidden=\"true\" class=\"wp-block-spacer\"><\/div>\n\n\n\n<p><strong>Where are you from?<\/strong><br>Read information specific to<br><\/p>\n\n\n\n<div class=\"wp-block-group has-global-padding is-content-justification-center is-layout-constrained wp-block-group-is-layout-constrained\">\n<div class=\"wp-block-buttons alignwide has-custom-font-size button_align has-small-font-size is-horizontal is-content-justification-center is-layout-flex wp-container-core-buttons-is-layout-2e6caa92 wp-block-buttons-is-layout-flex\">\n<div class=\"wp-block-button has-custom-font-size has-medium-font-size\"><a class=\"wp-block-button__link has-light-green-cyan-background-color has-background wp-element-button\" href=\"https:\/\/www.felvi.hu\/felveteli\/jelentkezes\/korabbi_elj_archivum\/felveteli_tajekoztatok\/FFT_2024A\/kulfoldi_vegzettsegek\/orszagok_szerint\/ausztria\" style=\"padding-right:var(--wp--preset--spacing--60);padding-left:var(--wp--preset--spacing--60)\" target=\"_blank\" rel=\"noreferrer noopener\">Austria<\/a><\/div>\n\n\n\n<div class=\"wp-block-button has-custom-font-size has-medium-font-size\"><a class=\"wp-block-button__link has-light-green-cyan-background-color has-background wp-element-button\" href=\"https:\/\/www.felvi.hu\/felveteli\/jelentkezes\/korabbi_elj_archivum\/felveteli_tajekoztatok\/FFT_2024A\/kulfoldi_vegzettsegek\/orszagok_szerint\/horvatorszag\" style=\"padding-right:var(--wp--preset--spacing--60);padding-left:var(--wp--preset--spacing--60)\" target=\"_blank\" rel=\"noreferrer noopener\">Croatia<\/a><\/div>\n\n\n\n<div class=\"wp-block-button has-custom-font-size has-medium-font-size\"><a class=\"wp-block-button__link has-light-green-cyan-background-color has-background wp-element-button\" href=\"https:\/\/www.felvi.hu\/felveteli\/jelentkezes\/korabbi_elj_archivum\/felveteli_tajekoztatok\/FFT_2024A\/kulfoldi_vegzettsegek\/orszagok_szerint\/szerbia\" style=\"padding-right:var(--wp--preset--spacing--60);padding-left:var(--wp--preset--spacing--60)\" target=\"_blank\" rel=\"noreferrer noopener\">Serbia<\/a><\/div>\n\n\n\n<div class=\"wp-block-button has-custom-font-size has-medium-font-size\"><a class=\"wp-block-button__link has-light-green-cyan-background-color has-background wp-element-button\" href=\"https:\/\/www.felvi.hu\/felveteli\/jelentkezes\/korabbi_elj_archivum\/felveteli_tajekoztatok\/FFT_2024A\/kulfoldi_vegzettsegek\/orszagok_szerint\/szlovenia\" style=\"padding-right:var(--wp--preset--spacing--60);padding-left:var(--wp--preset--spacing--60)\" target=\"_blank\" rel=\"noreferrer noopener\">Slovenia<\/a><\/div>\n<\/div>\n<\/div>\n","protected":false},"excerpt":{"rendered":"<p>Are you from across the border? Are you from Austria, Croatia, Serbia or Slovenia? Then, you can apply for a university course the same way as Hungarian students can. You [&hellip;]<\/p>\n","protected":false},"author":9,"featured_media":140,"parent":0,"menu_order":0,"comment_status":"closed","ping_status":"closed","template":"","meta":{"_acf_changed":false,"_EventAllDay":false,"_EventTimezone":"","_EventStartDate":"","_EventEndDate":"","_EventStartDateUTC":"","_EventEndDateUTC":"","_EventShowMap":false,"_EventShowMapLink":false,"_EventURL":"","_EventCost":"","_EventCostDescription":"","_EventCurrencySymbol":"","_EventCurrencyCode":"","_EventCurrencyPosition":"","_EventDateTimeSeparator":"","_EventTimeRangeSeparator":"","_EventOrganizerID":[],"_EventVenueID":[],"_OrganizerEmail":"","_OrganizerPhone":"","_OrganizerWebsite":"","_VenueAddress":"","_VenueCity":"","_VenueCountry":"","_VenueProvince":"","_VenueState":"","_VenueZip":"","_VenuePhone":"","_VenueURL":"","_VenueStateProvince":"","_VenueLat":"","_VenueLng":"","_VenueShowMap":false,"_VenueShowMapLink":false,"iawp_total_views":104,"footnotes":"","_links_to":"","_links_to_target":""},"class_list":["post-389","page","type-page","status-publish","has-post-thumbnail","hentry"],"acf":[],"mb":[],"publishpress_future_action":{"enabled":false,"date":"2026-04-22 11:42:17","action":"change-status","newStatus":"draft","terms":[],"taxonomy":"","extraData":[]},"publishpress_future_workflow_manual_trigger":{"enabledWorkflows":[]},"mfb_rest_fields":["title","publishpress_future_action","publishpress_future_workflow_manual_trigger"],"_links":{"self":[{"href":"https:\/\/pen.uni-pannon.hu\/en\/wp-json\/wp\/v2\/pages\/389","targetHints":{"allow":["GET"]}}],"collection":[{"href":"https:\/\/pen.uni-pannon.hu\/en\/wp-json\/wp\/v2\/pages"}],"about":[{"href":"https:\/\/pen.uni-pannon.hu\/en\/wp-json\/wp\/v2\/types\/page"}],"author":[{"embeddable":true,"href":"https:\/\/pen.uni-pannon.hu\/en\/wp-json\/wp\/v2\/users\/9"}],"replies":[{"embeddable":true,"href":"https:\/\/pen.uni-pannon.hu\/en\/wp-json\/wp\/v2\/comments?post=389"}],"version-history":[{"count":1,"href":"https:\/\/pen.uni-pannon.hu\/en\/wp-json\/wp\/v2\/pages\/389\/revisions"}],"predecessor-version":[{"id":1762,"href":"https:\/\/pen.uni-pannon.hu\/en\/wp-json\/wp\/v2\/pages\/389\/revisions\/1762"}],"wp:featuredmedia":[{"embeddable":true,"href":"https:\/\/pen.uni-pannon.hu\/en\/wp-json\/wp\/v2\/media\/140"}],"wp:attachment":[{"href":"https:\/\/pen.uni-pannon.hu\/en\/wp-json\/wp\/v2\/media?parent=389"}],"curies":[{"name":"wp","href":"https:\/\/api.w.org\/{rel}","templated":true}]}}