{"id":1869,"date":"2026-05-05T08:26:47","date_gmt":"2026-05-05T06:26:47","guid":{"rendered":"https:\/\/pen.uni-pannon.hu\/en\/?page_id=1869"},"modified":"2026-05-05T09:00:53","modified_gmt":"2026-05-05T07:00:53","slug":"the-story-of-university-center-for-circular-economy","status":"publish","type":"page","link":"https:\/\/pen.uni-pannon.hu\/en\/the-story-of-university-center-for-circular-economy\/","title":{"rendered":"The story of University Center for Circular Economy"},"content":{"rendered":"\n<div class=\"wp-block-group alignfull waveimage is-layout-flow wp-block-group-is-layout-flow has-background\" style=\"min-height:600px;margin-top:0;margin-bottom:0;padding-top:0;padding-bottom:0;background-image:url(&apos;https:\/\/pen.uni-pannon.hu\/wp-content\/uploads\/2026\/01\/nagykanizsa-front.jpg&apos;);background-position:50% 41%;background-size:cover;\">\n<div style = \"min-width: 100%; display: flex;position: absolute; bottom: 0;\">\n<svg  style = \"min-width: 100%; height:200px; transform: rotateX(180deg);\" xmlns=\"http:\/\/www.w3.org\/2000\/svg\" viewBox=\"0 0 1000 99\" preserveAspectRatio=\"none\">\n    <path style = \"fill: white;\" d=\"M526.35,17.11C607.41,28.38,687,48.17,768.06,59.5A1149.19,1149.19,0,0,0,1000,68.07V0H0V99C155.18,13.84,347.42-7.77,526.35,17.11Z\" transform=\"translate(0 0.04)\"><\/path>\n<\/svg>\n<\/div>\n<\/div>\n\n\n\n<div class=\"wp-block-columns is-layout-flex wp-container-core-columns-is-layout-55cc5e05 wp-block-columns-is-layout-flex\" style=\"margin-top:var(--wp--preset--spacing--30);margin-bottom:0;padding-top:0;padding-bottom:0\">\n<div class=\"wp-block-column is-vertically-aligned-center is-layout-flow wp-block-column-is-layout-flow\" style=\"flex-basis:20%\">\n<p class=\"has-text-align-right has-text-color has-link-color has-x-large-font-size wp-elements-051f019d5cf669d3af2e64959541ab4e\" style=\"color:#487abc\">1997<\/p>\n<\/div>\n\n\n\n<div class=\"wp-block-column is-vertically-aligned-center is-layout-flow wp-container-core-column-is-layout-32618fe7 wp-block-column-is-layout-flow\" style=\"border-left-color:#487abc;border-left-width:2px;padding-left:var(--wp--preset--spacing--40);flex-basis:80%\">\n<p style=\"margin-top:var(--wp--preset--spacing--40);margin-bottom:var(--wp--preset--spacing--40)\">The idea of establishing an institution of higher education in Nagykanizsa was conceived.<\/p>\n<\/div>\n<\/div>\n\n\n\n<div class=\"wp-block-columns is-layout-flex wp-container-core-columns-is-layout-1a3f87fd wp-block-columns-is-layout-flex\" style=\"margin-top:0;margin-bottom:0;padding-top:0;padding-bottom:0\">\n<div class=\"wp-block-column is-vertically-aligned-center is-layout-flow wp-block-column-is-layout-flow\" style=\"flex-basis:20%\">\n<p class=\"has-text-align-right has-text-color has-link-color has-x-large-font-size wp-elements-9c639d2e192bd80aa0b5fea44241049d\" style=\"color:#487abc\">1998<\/p>\n<\/div>\n\n\n\n<div class=\"wp-block-column is-vertically-aligned-center is-layout-flow wp-container-core-column-is-layout-32618fe7 wp-block-column-is-layout-flow\" style=\"border-left-color:#487abc;border-left-width:2px;padding-left:var(--wp--preset--spacing--40);flex-basis:80%\">\n<p style=\"margin-top:var(--wp--preset--spacing--40);margin-bottom:var(--wp--preset--spacing--40)\">The Kanizsa Higher Education Foundation was officially established with nine founding members. Led by Prof. Dr. Katalin S. Nagy, Dr. Frida Pint\u00e9rn\u00e9 Grundmann and Prof. Dr. Zolt\u00e1n Birkner, the Foundation mobilized the intellectual and financial resources to support the realization of the idea.<\/p>\n<\/div>\n<\/div>\n\n\n\n<div class=\"wp-block-columns is-layout-flex wp-container-core-columns-is-layout-1a3f87fd wp-block-columns-is-layout-flex\" style=\"margin-top:0;margin-bottom:0;padding-top:0;padding-bottom:0\">\n<div class=\"wp-block-column is-vertically-aligned-center is-layout-flow wp-block-column-is-layout-flow\" style=\"flex-basis:20%\">\n<p class=\"has-text-align-right has-text-color has-link-color has-x-large-font-size wp-elements-00e05304cce7701fddaf65c01f048196\" style=\"color:#487abc\">1999<\/p>\n<\/div>\n\n\n\n<div class=\"wp-block-column is-vertically-aligned-center is-layout-flow wp-container-core-column-is-layout-32618fe7 wp-block-column-is-layout-flow\" style=\"border-left-color:#487abc;border-left-width:2px;padding-left:var(--wp--preset--spacing--40);flex-basis:80%\">\n<p style=\"margin-top:var(--wp--preset--spacing--40);margin-bottom:var(--wp--preset--spacing--40)\">The city transferred the building at 33 Zr\u00ednyi Street to the Foundation. The old building, which had previously been home to the first institution in Transdanubia to receive the status of a higher commercial school in 1895, was renovated with extraordinary cooperation and effort.<\/p>\n<\/div>\n<\/div>\n\n\n\n<div class=\"wp-block-columns is-layout-flex wp-container-core-columns-is-layout-1a3f87fd wp-block-columns-is-layout-flex\" style=\"margin-top:0;margin-bottom:0;padding-top:0;padding-bottom:0\">\n<div class=\"wp-block-column is-vertically-aligned-center is-layout-flow wp-block-column-is-layout-flow\" style=\"flex-basis:20%\">\n<p class=\"has-text-align-right has-text-color has-link-color has-x-large-font-size wp-elements-5b8bdbcfc1f6c72f208516e37f3344c1\" style=\"color:#487abc\">2000<\/p>\n<\/div>\n\n\n\n<div class=\"wp-block-column is-vertically-aligned-center is-layout-flow wp-container-core-column-is-layout-32618fe7 wp-block-column-is-layout-flow\" style=\"border-left-color:#487abc;border-left-width:2px;padding-left:var(--wp--preset--spacing--40);flex-basis:80%\">\n<p style=\"margin-top:var(--wp--preset--spacing--40);margin-bottom:var(--wp--preset--spacing--40)\">Through the joint efforts of Prof. Dr. Zolt\u00e1n Ga\u00e1l, Rector of the University of Veszpr\u00e9m, the city leadership, and the Foundation, the External Training Center of the University of Veszpr\u00e9m was established in Nagykanizsa. At the same time, state-funded, full-time education in tourism and hotel management was launched. The program was officially approved by Zolt\u00e1n Pokorni, then Minister of Education on 19 June.<\/p>\n<\/div>\n<\/div>\n\n\n\n<div class=\"wp-block-columns is-layout-flex wp-container-core-columns-is-layout-f0342b05 wp-block-columns-is-layout-flex\" style=\"margin-top:0;margin-bottom:0\">\n<div class=\"wp-block-column is-vertically-aligned-center is-layout-flow wp-block-column-is-layout-flow\" style=\"flex-basis:20%\">\n<p class=\"has-text-align-right has-text-color has-link-color has-x-large-font-size wp-elements-0a32dc1e53449df3949ee9013bfdef16\" style=\"color:#487abc\">2002<\/p>\n<\/div>\n\n\n\n<div class=\"wp-block-column is-vertically-aligned-center is-layout-flow wp-container-core-column-is-layout-32618fe7 wp-block-column-is-layout-flow\" style=\"border-left-color:#487abc;border-left-width:2px;padding-left:var(--wp--preset--spacing--40);flex-basis:80%\">\n<p style=\"padding-top:var(--wp--preset--spacing--40);padding-bottom:var(--wp--preset--spacing--40)\">The educational portfolio was expanded with the state-funded, full-time program in technical information technology. Prof. Dr. Zolt\u00e1n Kov\u00e1cs played a key role in organizing the economics program, while Prof. Dr. Ferenc Friedler contributed significantly to launching the engineering program.<\/p>\n<\/div>\n<\/div>\n\n\n\n<div class=\"wp-block-columns is-layout-flex wp-container-core-columns-is-layout-f0342b05 wp-block-columns-is-layout-flex\" style=\"margin-top:0;margin-bottom:0\">\n<div class=\"wp-block-column is-vertically-aligned-center is-layout-flow wp-block-column-is-layout-flow\" style=\"flex-basis:20%\">\n<p class=\"has-text-align-right has-text-color has-link-color has-x-large-font-size wp-elements-962ffa6f8fc56a9e428d7f9d4691777c\" style=\"color:#487abc\">2004<\/p>\n<\/div>\n\n\n\n<div class=\"wp-block-column is-vertically-aligned-center is-layout-flow wp-container-core-column-is-layout-32618fe7 wp-block-column-is-layout-flow\" style=\"border-left-color:#487abc;border-left-width:2px;padding-left:var(--wp--preset--spacing--40);flex-basis:80%\">\n<p style=\"padding-top:var(--wp--preset--spacing--40);padding-bottom:var(--wp--preset--spacing--40)\">The first cohort of students graduated and received their diplomas from the University of Veszpr\u00e9m. In the same year, a postgraduate project management specialization program was also launched.<\/p>\n<\/div>\n<\/div>\n\n\n\n<div class=\"wp-block-columns is-layout-flex wp-container-core-columns-is-layout-f0342b05 wp-block-columns-is-layout-flex\" style=\"margin-top:0;margin-bottom:0\">\n<div class=\"wp-block-column is-vertically-aligned-center is-layout-flow wp-block-column-is-layout-flow\" style=\"flex-basis:20%\">\n<p class=\"has-text-align-right has-text-color has-link-color has-x-large-font-size wp-elements-57feb53f1d0cfd0aabf3c003649625f5\" style=\"color:#487abc\">2006<\/p>\n<\/div>\n\n\n\n<div class=\"wp-block-column is-vertically-aligned-center is-layout-flow wp-container-core-column-is-layout-32618fe7 wp-block-column-is-layout-flow\" style=\"border-left-color:#487abc;border-left-width:2px;padding-left:var(--wp--preset--spacing--40);flex-basis:80%\">\n<p style=\"padding-top:var(--wp--preset--spacing--40);padding-bottom:var(--wp--preset--spacing--40)\">The University of Veszpr\u00e9m was renamed the University of Pannonia, and the Nagykanizsa Training Center was subsequently also renamed University of Pannonia Nagykanizsa Campus.<\/p>\n<\/div>\n<\/div>\n\n\n\n<div class=\"wp-block-group alignfull has-global-padding is-layout-constrained wp-block-group-is-layout-constrained has-background\" style=\"min-height:500px;background-image:url(&apos;https:\/\/pen.uni-pannon.hu\/wp-content\/uploads\/2026\/02\/Epulet.jpg&apos;);background-position:50% 65%;background-size:cover;background-attachment:fixed;\"><\/div>\n\n\n\n<div class=\"wp-block-columns is-layout-flex wp-container-core-columns-is-layout-f0342b05 wp-block-columns-is-layout-flex\" style=\"margin-top:0;margin-bottom:0\">\n<div class=\"wp-block-column is-vertically-aligned-center is-layout-flow wp-block-column-is-layout-flow\" style=\"flex-basis:20%\">\n<p class=\"has-text-align-right has-text-color has-link-color has-x-large-font-size wp-elements-ee44550b649a0c7d905d11c28aaa4c09\" style=\"color:#487abc\">2010<\/p>\n<\/div>\n\n\n\n<div class=\"wp-block-column is-vertically-aligned-center is-layout-flow wp-container-core-column-is-layout-32618fe7 wp-block-column-is-layout-flow\" style=\"border-left-color:#487abc;border-left-width:2px;padding-left:var(--wp--preset--spacing--40);flex-basis:80%\">\n<p style=\"padding-top:var(--wp--preset--spacing--40);padding-bottom:var(--wp--preset--spacing--40)\">The institution reached a milestone, as the Master of Business Administration program was introduced by the Faculty of Economics, in addition to the Bachelor\u2019s degree programs available at the Nagykanizsa Campus.<\/p>\n<\/div>\n<\/div>\n\n\n\n<div class=\"wp-block-columns is-layout-flex wp-container-core-columns-is-layout-f0342b05 wp-block-columns-is-layout-flex\" style=\"margin-top:0;margin-bottom:0\">\n<div class=\"wp-block-column is-vertically-aligned-center is-layout-flow wp-block-column-is-layout-flow\" style=\"flex-basis:20%\">\n<p class=\"has-text-align-right has-text-color has-link-color has-x-large-font-size wp-elements-beb69bb8692e09bdd651dc3518478b18\" style=\"color:#487abc\">2012<\/p>\n<\/div>\n\n\n\n<div class=\"wp-block-column is-vertically-aligned-center is-layout-flow wp-container-core-column-is-layout-32618fe7 wp-block-column-is-layout-flow\" style=\"border-left-color:#487abc;border-left-width:2px;padding-left:var(--wp--preset--spacing--40);flex-basis:80%\">\n<p style=\"padding-top:var(--wp--preset--spacing--40);padding-bottom:var(--wp--preset--spacing--40)\">A Mechanical Engineering (BSc) program was added to the academic portfolio .<\/p>\n<\/div>\n<\/div>\n\n\n\n<div class=\"wp-block-columns is-layout-flex wp-container-core-columns-is-layout-f0342b05 wp-block-columns-is-layout-flex\" style=\"margin-top:0;margin-bottom:0\">\n<div class=\"wp-block-column is-vertically-aligned-center is-layout-flow wp-block-column-is-layout-flow\" style=\"flex-basis:20%\">\n<p class=\"has-text-align-right has-text-color has-link-color has-x-large-font-size wp-elements-8653292f41990bf9e4938ddea7f97827\" style=\"color:#487abc\">2013<\/p>\n<\/div>\n\n\n\n<div class=\"wp-block-column is-vertically-aligned-center is-layout-flow wp-container-core-column-is-layout-32618fe7 wp-block-column-is-layout-flow\" style=\"border-left-color:#487abc;border-left-width:2px;padding-left:var(--wp--preset--spacing--40);flex-basis:80%\">\n<p style=\"padding-top:var(--wp--preset--spacing--40);padding-bottom:var(--wp--preset--spacing--40)\">New programs were introduced, including Business Informatics (BSc), as well as higher education vocational programs in Tourism and Hospitality and Finance and Accounting.<\/p>\n<\/div>\n<\/div>\n\n\n\n<div class=\"wp-block-columns is-layout-flex wp-container-core-columns-is-layout-f0342b05 wp-block-columns-is-layout-flex\" style=\"margin-top:0;margin-bottom:0\">\n<div class=\"wp-block-column is-vertically-aligned-center is-layout-flow wp-block-column-is-layout-flow\" style=\"flex-basis:20%\">\n<p class=\"has-text-align-right has-text-color has-link-color has-x-large-font-size wp-elements-ad8a003e9e18206bc1faecada5e03150\" style=\"color:#487abc\">2015<\/p>\n<\/div>\n\n\n\n<div class=\"wp-block-column is-vertically-aligned-center is-layout-flow wp-container-core-column-is-layout-32618fe7 wp-block-column-is-layout-flow\" style=\"border-left-color:#487abc;border-left-width:2px;padding-left:var(--wp--preset--spacing--40);flex-basis:80%\">\n<p style=\"padding-top:var(--wp--preset--spacing--40);padding-bottom:var(--wp--preset--spacing--40)\">The Water and Wastewater Treatment System Operator Specialist program was launched, offering a unique training opportunity at the national level. The program is closely linked to research conducted at the So\u00f3s Ern\u0151 Research and Development Center, established in collaboration with the Faculty of Engineering of the University of Pannonia, the city of Nagykanizsa, and Hidrofilt Ltd.<\/p>\n\n\n\n<p style=\"padding-top:var(--wp--preset--spacing--40);padding-bottom:var(--wp--preset--spacing--40)\">At the same time, the educational portfolio was expanded with additional programs, including the Quality Engineering\/Quality Management specialization program, the Trade and Marketing (BSc) program, and a higher education vocational program in Engineering Informatics.<\/p>\n<\/div>\n<\/div>\n\n\n\n<div class=\"wp-block-columns is-layout-flex wp-container-core-columns-is-layout-f0342b05 wp-block-columns-is-layout-flex\" style=\"margin-top:0;margin-bottom:0\">\n<div class=\"wp-block-column is-vertically-aligned-center is-layout-flow wp-block-column-is-layout-flow\" style=\"flex-basis:20%\">\n<p class=\"has-text-align-right has-text-color has-link-color has-x-large-font-size wp-elements-f67b05bcd8a4c2962e4dcd145ccc9dad\" style=\"color:#487abc\">2018<\/p>\n<\/div>\n\n\n\n<div class=\"wp-block-column is-vertically-aligned-center is-layout-flow wp-container-core-column-is-layout-32618fe7 wp-block-column-is-layout-flow\" style=\"border-left-color:#487abc;border-left-width:2px;padding-left:var(--wp--preset--spacing--40);flex-basis:80%\">\n<p style=\"padding-top:var(--wp--preset--spacing--40);padding-bottom:var(--wp--preset--spacing--40)\">The Operations Engineering Informatics (BProf) program was launched.<\/p>\n<\/div>\n<\/div>\n\n\n\n<div class=\"wp-block-columns is-layout-flex wp-container-core-columns-is-layout-f0342b05 wp-block-columns-is-layout-flex\" style=\"margin-top:0;margin-bottom:0\">\n<div class=\"wp-block-column is-vertically-aligned-center is-layout-flow wp-block-column-is-layout-flow\" style=\"flex-basis:20%\">\n<p class=\"has-text-align-right has-text-color has-link-color has-x-large-font-size wp-elements-52d85705102db7505d41994286011d9a\" style=\"color:#487abc\">2019<\/p>\n<\/div>\n\n\n\n<div class=\"wp-block-column is-vertically-aligned-center is-layout-flow wp-container-core-column-is-layout-32618fe7 wp-block-column-is-layout-flow\" style=\"border-left-color:#487abc;border-left-width:2px;padding-left:var(--wp--preset--spacing--40);flex-basis:80%\">\n<p style=\"padding-top:var(--wp--preset--spacing--40);padding-bottom:var(--wp--preset--spacing--40)\">The Water Management Operations Engineer (BSc) program was introduced.<\/p>\n<\/div>\n<\/div>\n\n\n\n<div class=\"wp-block-columns is-layout-flex wp-container-core-columns-is-layout-f0342b05 wp-block-columns-is-layout-flex\" style=\"margin-top:0;margin-bottom:0\">\n<div class=\"wp-block-column is-vertically-aligned-center is-layout-flow wp-block-column-is-layout-flow\" style=\"flex-basis:20%\">\n<p class=\"has-text-align-right has-text-color has-link-color has-x-large-font-size wp-elements-e1584f2675f2fa8226ed05bd5d9f8436\" style=\"color:#487abc\">2020<\/p>\n<\/div>\n\n\n\n<div class=\"wp-block-column is-vertically-aligned-center is-layout-flow wp-container-core-column-is-layout-32618fe7 wp-block-column-is-layout-flow\" style=\"border-left-color:#487abc;border-left-width:2px;padding-left:var(--wp--preset--spacing--40);flex-basis:80%\">\n<p style=\"padding-top:var(--wp--preset--spacing--40);padding-bottom:var(--wp--preset--spacing--40)\">A higher education vocational program in Trade and Marketing was launched.<\/p>\n<\/div>\n<\/div>\n\n\n\n<div class=\"wp-block-columns is-layout-flex wp-container-core-columns-is-layout-f0342b05 wp-block-columns-is-layout-flex\" style=\"margin-top:0;margin-bottom:0\">\n<div class=\"wp-block-column is-vertically-aligned-center is-layout-flow wp-block-column-is-layout-flow\" style=\"flex-basis:20%\">\n<p class=\"has-text-align-right has-text-color has-link-color has-x-large-font-size wp-elements-67b5f1816e6cee1fbee4e41fcc81d7d2\" style=\"color:#487abc\">2021<\/p>\n<\/div>\n\n\n\n<div class=\"wp-block-column is-vertically-aligned-center is-layout-flow wp-container-core-column-is-layout-32618fe7 wp-block-column-is-layout-flow\" style=\"border-left-color:#487abc;border-left-width:2px;padding-left:var(--wp--preset--spacing--40);flex-basis:80%\">\n<p style=\"padding-top:var(--wp--preset--spacing--40);padding-bottom:var(--wp--preset--spacing--40)\">The University of Pannonia Nagykanizsa Campus adopted a renewed identity and strategic direction within Hungarian higher education. Through its educational portfolio and academic community, the University Center for Circular Economy committed itself to addressing key sustainability challenges affecting the economy.<\/p>\n\n\n\n<p>As part of this renewal, three new programs were introduced and launched in English for both Hungarian and international students:<\/p>\n\n\n\n<ul style=\"padding-bottom:var(--wp--preset--spacing--40)\" class=\"wp-block-list\">\n<li>Circular Economy Management (MSc)<\/li>\n\n\n\n<li>Sustainable and Circular Economy-based Tourism (BSc)<\/li>\n\n\n\n<li>Design and Development Engineering for a Circular Economy (MSc)<\/li>\n<\/ul>\n<\/div>\n<\/div>\n\n\n\n<div class=\"wp-block-columns is-layout-flex wp-container-core-columns-is-layout-f0342b05 wp-block-columns-is-layout-flex\" style=\"margin-top:0;margin-bottom:0\">\n<div class=\"wp-block-column is-vertically-aligned-center is-layout-flow wp-block-column-is-layout-flow\" style=\"flex-basis:20%\">\n<p class=\"has-text-align-right has-text-color has-link-color has-x-large-font-size wp-elements-2dd24a40062e9a1a68d4c13247a75c10\" style=\"color:#487abc\">2023<\/p>\n<\/div>\n\n\n\n<div class=\"wp-block-column is-vertically-aligned-center is-layout-flow wp-container-core-column-is-layout-32618fe7 wp-block-column-is-layout-flow\" style=\"border-left-color:#487abc;border-left-width:2px;padding-left:var(--wp--preset--spacing--40);flex-basis:80%\">\n<p style=\"padding-top:var(--wp--preset--spacing--40);padding-bottom:0\">The program portfolio was expanded with the following programs:<\/p>\n\n\n\n<ul style=\"margin-bottom:0;padding-bottom:var(--wp--preset--spacing--40)\" class=\"wp-block-list\">\n<li>Water Management Systems Designer \u2013 IT Specialist (specialization training)<\/li>\n\n\n\n<li>Sustainable and Circular Tourism (BSc)<\/li>\n\n\n\n<li>Design and Development Engineering for a Circular Economy (MSc)<\/li>\n\n\n\n<li>Circular Economy Management (MSc)<\/li>\n\n\n\n<li>Renewable Energy Systems Designer \u2013 IT Specialist (specialization training)<\/li>\n\n\n\n<li>The Role of the Circular Economy in Tourism (adult training)<\/li>\n\n\n\n<li>IT Fundamentals in Corporate Structures (Industry 4.0) (adult training)<\/li>\n<\/ul>\n<\/div>\n<\/div>\n\n\n\n<div class=\"wp-block-columns is-layout-flex wp-container-core-columns-is-layout-f0342b05 wp-block-columns-is-layout-flex\" style=\"margin-top:0;margin-bottom:0\">\n<div class=\"wp-block-column is-vertically-aligned-center is-layout-flow wp-block-column-is-layout-flow\" style=\"flex-basis:20%\">\n<p class=\"has-text-align-right has-text-color has-link-color has-x-large-font-size wp-elements-83f0077b37915e1097bd73029c13d1dc\" style=\"color:#487abc\">2025<\/p>\n<\/div>\n\n\n\n<div class=\"wp-block-column is-vertically-aligned-center is-layout-flow wp-container-core-column-is-layout-32618fe7 wp-block-column-is-layout-flow\" style=\"border-left-color:#487abc;border-left-width:2px;padding-left:var(--wp--preset--spacing--40);flex-basis:80%\">\n<p style=\"padding-top:var(--wp--preset--spacing--40);padding-bottom:var(--wp--preset--spacing--40)\">The Program Designer \u2013 IT Specialist higher education vocational program was launched.<\/p>\n<\/div>\n<\/div>\n\n\n\n<div style=\"height:20px\" aria-hidden=\"true\" class=\"wp-block-spacer\"><\/div>\n","protected":false},"excerpt":{"rendered":"<p>1997 The idea of establishing an institution of higher education in Nagykanizsa was conceived. 1998 The Kanizsa Higher Education Foundation was officially established with nine founding members. Led by Prof. [&hellip;]<\/p>\n","protected":false},"author":9,"featured_media":0,"parent":0,"menu_order":0,"comment_status":"closed","ping_status":"closed","template":"page-no-title","meta":{"_acf_changed":false,"_EventAllDay":false,"_EventTimezone":"","_EventStartDate":"","_EventEndDate":"","_EventStartDateUTC":"","_EventEndDateUTC":"","_EventShowMap":false,"_EventShowMapLink":false,"_EventURL":"","_EventCost":"","_EventCostDescription":"","_EventCurrencySymbol":"","_EventCurrencyCode":"","_EventCurrencyPosition":"","_EventDateTimeSeparator":"","_EventTimeRangeSeparator":"","_EventOrganizerID":[],"_EventVenueID":[],"_OrganizerEmail":"","_OrganizerPhone":"","_OrganizerWebsite":"","_VenueAddress":"","_VenueCity":"","_VenueCountry":"","_VenueProvince":"","_VenueState":"","_VenueZip":"","_VenuePhone":"","_VenueURL":"","_VenueStateProvince":"","_VenueLat":"","_VenueLng":"","_VenueShowMap":false,"_VenueShowMapLink":false,"iawp_total_views":0,"footnotes":"","_links_to":"","_links_to_target":""},"class_list":["post-1869","page","type-page","status-publish","hentry"],"acf":[],"mb":[],"publishpress_future_action":{"enabled":false,"date":"2026-05-13 11:33:30","action":"change-status","newStatus":"draft","terms":[],"taxonomy":"","extraData":[]},"publishpress_future_workflow_manual_trigger":{"enabledWorkflows":[]},"mfb_rest_fields":["title","publishpress_future_action","publishpress_future_workflow_manual_trigger"],"_links":{"self":[{"href":"https:\/\/pen.uni-pannon.hu\/en\/wp-json\/wp\/v2\/pages\/1869","targetHints":{"allow":["GET"]}}],"collection":[{"href":"https:\/\/pen.uni-pannon.hu\/en\/wp-json\/wp\/v2\/pages"}],"about":[{"href":"https:\/\/pen.uni-pannon.hu\/en\/wp-json\/wp\/v2\/types\/page"}],"author":[{"embeddable":true,"href":"https:\/\/pen.uni-pannon.hu\/en\/wp-json\/wp\/v2\/users\/9"}],"replies":[{"embeddable":true,"href":"https:\/\/pen.uni-pannon.hu\/en\/wp-json\/wp\/v2\/comments?post=1869"}],"version-history":[{"count":11,"href":"https:\/\/pen.uni-pannon.hu\/en\/wp-json\/wp\/v2\/pages\/1869\/revisions"}],"predecessor-version":[{"id":1880,"href":"https:\/\/pen.uni-pannon.hu\/en\/wp-json\/wp\/v2\/pages\/1869\/revisions\/1880"}],"wp:attachment":[{"href":"https:\/\/pen.uni-pannon.hu\/en\/wp-json\/wp\/v2\/media?parent=1869"}],"curies":[{"name":"wp","href":"https:\/\/api.w.org\/{rel}","templated":true}]}}